{"id":2347,"date":"2021-05-28T16:36:01","date_gmt":"2021-05-28T19:36:01","guid":{"rendered":"http:\/\/rapidosat.com.br\/index.php\/politica-de-cookies\/"},"modified":"2021-05-28T17:53:35","modified_gmt":"2021-05-28T20:53:35","slug":"politica-de-cookies","status":"publish","type":"page","link":"https:\/\/rapidosat.com.br\/index.php\/politica-de-cookies\/","title":{"rendered":""},"content":{"rendered":"\n<h2>Pol\u00edtica de cookies<\/h2>\n\n\n\n<br \/><br \/>Um cookie \u00e9 um pequeno arquivo de texto armazenado em seu navegador quando voc\u00ea visita quase todas as p\u00e1ginas da web. Sua utilidade \u00e9 que a web \u00e9 capaz de lembrar sua visita quando voc\u00ea retorna para navegar naquela p\u00e1gina. Os cookies geralmente armazenam informa\u00e7\u00f5es t\u00e9cnicas, prefer\u00eancias pessoais, personaliza\u00e7\u00e3o de conte\u00fado, estat\u00edsticas de uso, links para redes sociais, acesso a contas de usu\u00e1rio, etc. O objetivo do cookie \u00e9 adaptar o conte\u00fado da web ao seu perfil e necessidades, sem cookies os servi\u00e7os oferecidos por qualquer p\u00e1gina seriam significativamente reduzidos. Se voc\u00ea quiser ver mais informa\u00e7\u00f5es sobre o que s\u00e3o cookies, o que eles armazenam, como exclu\u00ed-los, desativ\u00e1-los,<\/span> etc., <a href=\"http:\/\/rapidosat.com.br\/index.php\/mas-informacion-sobre-las-cookies\/\">mais informa\u00e7\u00f5es.<\/a>\n<br \/>\n<h2>Cookies usados \u200b\u200bneste site<\/h2>\n\nSeguindo as orienta\u00e7\u00f5es da Ag\u00eancia Espanhola de Prote\u00e7\u00e3o de Dados, procedemos ao detalhamento do uso dos cookies efetuados por este site, a fim de inform\u00e1-lo com a maior precis\u00e3o poss\u00edvel.\n\nEste site usa os seguintes cookies pr\u00f3prios:\n\nCookies de sess\u00e3o, para garantir que os usu\u00e1rios que escrevem coment\u00e1rios no blog sejam aplicativos humanos e n\u00e3o automatizados. Desta forma, o spam \u00e9 combatido.\n\nEste site usa os seguintes cookies de terceiros:\n\nGoogle Analytics: Armazena cookies para poder compilar estat\u00edsticas sobre o tr\u00e1fego e o volume de visitas a este site. Ao utilizar este site, voc\u00ea concorda com o processamento de informa\u00e7\u00f5es sobre voc\u00ea pelo Google. Portanto, o exerc\u00edcio de qualquer direito a esse respeito deve ser feito por meio de comunica\u00e7\u00e3o direta com o Google.\nRedes sociais: Cada rede social usa seus pr\u00f3prios cookies para que voc\u00ea possa clicar em bot\u00f5es como Curtir ou Compartilhar.\n\n<h2>Desativa\u00e7\u00e3o ou elimina\u00e7\u00e3o de cookies<\/h2>\n\nA qualquer momento, voc\u00ea pode exercer o seu direito de desativar ou excluir cookies deste site. Essas a\u00e7\u00f5es s\u00e3o realizadas de forma diferente dependendo do navegador que voc\u00ea est\u00e1 usando.<\/span><\/pre>\n<p>. <a href=\"http:\/\/rapidosat.com.br\/index.php\/mas-informacion-sobre-las-cookies\/#navegadores\">Aqui est\u00e1 um guia r\u00e1pido para os navegadores mais populares<\/a>.<\/p>\n\n<h2>Notas adicionais<\/h2>\n\nNem este site nem seus representantes legais s\u00e3o respons\u00e1veis \u200b\u200bpelo conte\u00fado ou pela veracidade das pol\u00edticas de privacidade que os terceiros mencionados nesta pol\u00edtica de cookies possam ter.\nOs navegadores da Web s\u00e3o as ferramentas encarregadas de armazenar cookies e, a partir deste local, voc\u00ea deve exercer o seu direito de elimin\u00e1-los ou desativ\u00e1-los. Nem este site nem seus representantes legais podem garantir o manuseio correto ou incorreto dos cookies pelos navegadores mencionados.\nEm alguns casos \u00e9 necess\u00e1rio instalar cookies para que o navegador n\u00e3o se esque\u00e7a da sua decis\u00e3o de n\u00e3o os aceitar.\nNo caso dos cookies do Google Analytics, esta empresa armazena cookies em servidores localizados nos Estados Unidos e se compromete a n\u00e3o compartilh\u00e1-los com terceiros, exceto nos casos em que seja necess\u00e1rio para o funcionamento do sistema ou quando a lei assim o exigir um efeito. De acordo com o Google, ele n\u00e3o salva seu endere\u00e7o IP. Google Inc. \u00e9 uma empresa aderida ao Acordo de Porto Seguro que garante que todos os dados transferidos ser\u00e3o tratados com um n\u00edvel de prote\u00e7\u00e3o de acordo com os regulamentos europeus. Voc\u00ea pode consultar informa\u00e7\u00f5es detalhadas a esse respeito neste link. Se voc\u00ea deseja obter informa\u00e7\u00f5es sobre o uso que o Google d\u00e1 aos cookies, anexamos este outro link.\nPara qualquer d\u00favida ou consulta sobre esta pol\u00edtica de cookies, n\u00e3o hesite em nos contatar atrav\u00e9s da se\u00e7\u00e3o de contato.<\/span><\/pre>\n<p>\u00a0<\/p>\n","protected":false},"excerpt":{"rendered":"<p>Pol\u00edtica de cookies Um cookie \u00e9 um pequeno arquivo de texto armazenado em seu navegador quando voc\u00ea visita quase todas as p\u00e1ginas da web. Sua utilidade<span class=\"excerpt-hellip\"> [\u2026]<\/span><\/p>\n","protected":false},"author":1,"featured_media":0,"parent":0,"menu_order":0,"comment_status":"closed","ping_status":"closed","template":"","meta":[],"_links":{"self":[{"href":"https:\/\/rapidosat.com.br\/index.php\/wp-json\/wp\/v2\/pages\/2347"}],"collection":[{"href":"https:\/\/rapidosat.com.br\/index.php\/wp-json\/wp\/v2\/pages"}],"about":[{"href":"https:\/\/rapidosat.com.br\/index.php\/wp-json\/wp\/v2\/types\/page"}],"author":[{"embeddable":true,"href":"https:\/\/rapidosat.com.br\/index.php\/wp-json\/wp\/v2\/users\/1"}],"replies":[{"embeddable":true,"href":"https:\/\/rapidosat.com.br\/index.php\/wp-json\/wp\/v2\/comments?post=2347"}],"version-history":[{"count":7,"href":"https:\/\/rapidosat.com.br\/index.php\/wp-json\/wp\/v2\/pages\/2347\/revisions"}],"predecessor-version":[{"id":2363,"href":"https:\/\/rapidosat.com.br\/index.php\/wp-json\/wp\/v2\/pages\/2347\/revisions\/2363"}],"wp:attachment":[{"href":"https:\/\/rapidosat.com.br\/index.php\/wp-json\/wp\/v2\/media?parent=2347"}],"curies":[{"name":"wp","href":"https:\/\/api.w.org\/{rel}","templated":true}]}}